{"id":80,"date":"2014-10-02T21:49:46","date_gmt":"2014-10-02T19:49:46","guid":{"rendered":"https:\/\/danielajauk.com\/?page_id=80"},"modified":"2018-08-25T15:01:41","modified_gmt":"2018-08-25T13:01:41","slug":"book-reviews","status":"publish","type":"page","link":"https:\/\/danielajauk.com\/?page_id=80","title":{"rendered":"Book Reviews"},"content":{"rendered":"<p><strong>Book Reviews<\/strong><\/p>\n<p>Jauk, D. 2018. Scuro, Jennifer (2017) <em>The Pregnancy \u2260 Childbearing Project: A Phenomenology of Miscarriage<\/em>. Lanham: Rowman &amp; Littlefield, in <a href=\"https:\/\/jarm.journals.yorku.ca\/index.php\/jarm\/issue\/view\/2311\">Journal of the Motherhood Initiative. Vol 9, No 1 (2018)<\/a><\/p>\n<p>Daniela Jauk. 2016. \u201eGaga Feminist Teaching\u201c review article based on Halberstam, J. Jack. <em>Gaga feminism: Sex, gender, and the end of normal<\/em>. Beacon Press, 2012. <a href=\"http:\/\/queersts.com\/forum-queer-sts\/overview\/queer-feminist-science-and-technology-studies-forum-volume-1\/\"><em>Queer-feminist Science and Technology Studies<\/em>, Vol 1, May 2016<\/a>, p.16-22.<\/p>\n<p>Daniela Jauk. 2016 &#8220;Selbstbestimmung in Zeiten von Neosexualit\u00e4ten. Eine\u00a0Buchkritik.&#8221; based on <em>Katzer, Michaela\/Vo\u00df, Heinz-J\u00fcrgen (Hg. 2016). Geschlechtliche, sexuelle und reproduktive Selbstbestimmung, Gie\u00dfen: Pszchosoyial Verlag.<\/em> <a href=\"https:\/\/umstandslos.com\/2016\/09\/23\/rezension-selbstbestimmung-in-zeiten-von-neosexualitaeten\/\">umstandslos-magazin fuer feministische mutterschaft<\/a>. Sep 23 2016<\/p>\n<p>Daniela Jauk. 2015 <em>Anne Sophie Krossa (2013):Theorizing Society in a Global Context.<\/em> Houndmills: Palgrave Macmillan, in: <em>K\u00f6lner Zeitschrift f\u00fcr Soziologie, <a href=\"http:\/\/kzfss.uni-koeln.de\/archiv\/heft-2-jg-67-2015\/\" target=\"_blank\" rel=\"noopener noreferrer\">Heft 2, Jg. 67, 201<\/a><\/em><\/p>\n<p>Daniela Jauk. 2015 Afshan Jafar, \u00a0Erynn Masi de Casanova (Hrsg.) (2013): <em>Global Beauty, Local Bodies<\/em>.\u00a0New York: Palgrave Macmillan, and\u00a0Erynn Masi de Casanova, Afshan Jafar (Hrsg.) (2013): <em>Bodies without Borders<\/em>.\u00a0New York: Palgrave Macmillan, in: Oesterreichische Zeitschrift fuer Soziologie.<\/p>\n<p>Daniela Jauk. 2013. Chow, Esther Ngan-ling, Marcia Texler Segal, and Lin Tan. 2011.\u00a0<em>Analyzing gender, intersectionality, and multiple inequalities : global, transnational and local contexts,<\/em>\u00a0and Connell, R. W. 2011.\u00a0<em>Confronting Equality-Gender, knowledge and global change<\/em>. In\u00a0<em>Social Thought and Research<\/em>, 32:117-124<\/p>\n<p>Daniela Jauk. 2012.\u00a0<em>Smoke Damage: Voices from the Front Lines of America&#8217;s Tobacco Wars<\/em>\u00a0(2011) by Michael Schwalbe in\u00a0<em>Visual Studies,<\/em>Vol.27, Issue 2, Pp 215-216, DOI: 10.1080\/1472586X.2012.642976<\/p>\n<p>Daniela Jauk. 2011.\u00a0<em>Charting Women\u2019s Journeys: From Addiction to Recovery<\/em>. By Judith Grant (2008);\u00a0<em>Women in Alcoholics Anonymous: Recovery and Empowerment<\/em>. By Jolene M. Sanders (2009);\u00a0<em>The Language of the Heart: A Cultural History of the Recovery Movement from Alcoholics Anonymous to Oprah Winfrey<\/em>. By Trysh Travis (2010), in\u00a0<em>Gender and Society,\u00a0<\/em>Volume 25, No. 2, DOI: 10.1177\/0891243210392221<\/p>\n<p><em>Daniela Jauk. 2011. Public Toilets and Gender\u00a0<\/em>edited by Olga Gershenson and Barbara Penner (2010), in\u00a0<em>Visual Studies,\u00a0<\/em>Volume 26 Issue 1, 79, DOI:10.1080\/1472586X.2010.502690<\/p>\n<p>Daniela Jauk. 2010.\u00a0<em>Imagining Transgender. An Ethnography of a Category<\/em>\u00a0by David Valentine (2007) for\u00a0<em>Sex Roles,<\/em>\u00a0<a href=\"http:\/\/www.springerlink.com\/content\/0360-0025\/63\/5-6\/\">Volume 63, Numbers 5-6<\/a>, 445-447, DOI:10.1007\/s11199-010-9751-0, with Kathryn Feltey<\/p>\n<p>Daniela Jauk. 2007.\u00a0<em>Das Gruppendiskussionsverfahren in der Forschungspraxis<\/em>\u00a0edited by Ralf Bohnsack, Aglaja Przyborski &amp; Burkhart Sch\u00e4ffer (2006) in\u00a0<em>Forum Qualitative Sozialforschung \/ Forum: Qualitative Social Research<\/em>, 8(3), Art. 12, http:\/\/www.qualitative-research.net\/fqs-texte\/3-07\/07-3-12-d.htm.<\/p>\n<p>&nbsp;<\/p>\n","protected":false},"excerpt":{"rendered":"<p>Book Reviews Jauk, D. 2018. Scuro, Jennifer (2017) The Pregnancy \u2260 Childbearing Project: A Phenomenology of Miscarriage. Lanham: Rowman &amp; Littlefield, in Journal of the Motherhood Initiative. Vol 9, No 1 (2018) Daniela Jauk. 2016. \u201eGaga Feminist Teaching\u201c review article based on Halberstam, J. Jack. Gaga feminism: Sex, gender, and the end of normal. Beacon &hellip; <a href=\"https:\/\/danielajauk.com\/?page_id=80\" class=\"more-link\">Continue reading <span class=\"screen-reader-text\">Book Reviews<\/span> <span class=\"meta-nav\">&rarr;<\/span><\/a><\/p>\n","protected":false},"author":1,"featured_media":0,"parent":0,"menu_order":0,"comment_status":"closed","ping_status":"closed","template":"","meta":{"footnotes":""},"class_list":["post-80","page","type-page","status-publish","hentry"],"_links":{"self":[{"href":"https:\/\/danielajauk.com\/index.php?rest_route=\/wp\/v2\/pages\/80","targetHints":{"allow":["GET"]}}],"collection":[{"href":"https:\/\/danielajauk.com\/index.php?rest_route=\/wp\/v2\/pages"}],"about":[{"href":"https:\/\/danielajauk.com\/index.php?rest_route=\/wp\/v2\/types\/page"}],"author":[{"embeddable":true,"href":"https:\/\/danielajauk.com\/index.php?rest_route=\/wp\/v2\/users\/1"}],"replies":[{"embeddable":true,"href":"https:\/\/danielajauk.com\/index.php?rest_route=%2Fwp%2Fv2%2Fcomments&post=80"}],"version-history":[{"count":10,"href":"https:\/\/danielajauk.com\/index.php?rest_route=\/wp\/v2\/pages\/80\/revisions"}],"predecessor-version":[{"id":517,"href":"https:\/\/danielajauk.com\/index.php?rest_route=\/wp\/v2\/pages\/80\/revisions\/517"}],"wp:attachment":[{"href":"https:\/\/danielajauk.com\/index.php?rest_route=%2Fwp%2Fv2%2Fmedia&parent=80"}],"curies":[{"name":"wp","href":"https:\/\/api.w.org\/{rel}","templated":true}]}}